{"id":18,"date":"2026-03-12T23:10:59","date_gmt":"2026-03-12T23:10:59","guid":{"rendered":"https:\/\/novasark.dk\/?page_id=18"},"modified":"2026-04-02T14:24:14","modified_gmt":"2026-04-02T14:24:14","slug":"om","status":"publish","type":"page","link":"https:\/\/novasark.dk\/?page_id=18","title":{"rendered":"Om"},"content":{"rendered":"\n<h3 class=\"wp-block-heading has-ast-global-color-4-color has-text-color has-link-color wp-elements-40b66b0f48ba5739771a677f5828411a\" style=\"letter-spacing:4px\"><strong>Om Novas Ark Productions<\/strong><\/h3>\n\n\n\n<p class=\"has-ast-global-color-4-color has-text-color has-link-color wp-elements-6c629239f09d319d88b873904c1fa45c\" style=\"letter-spacing:1px\">Novas Ark Productions er en kunstnerisk platform, der arbejder med teater, musik, film og performance.<\/p>\n\n\n\n<p class=\"has-ast-global-color-4-color has-text-color has-link-color wp-elements-aed918ed7c82bda3977ee0f7c3d949df\" style=\"letter-spacing:1px\">Vi udvikler og producerer tv\u00e6r\u00e6stetiske v\u00e6rker, hvor forskellige kunstformer bringes sammen i f\u00e6lles projekter.<\/p>\n\n\n\n<p class=\"has-ast-global-color-4-color has-text-color has-link-color wp-elements-040f6fbdbb3662f453411b812703705e\" style=\"letter-spacing:1px\">Arbejdet sp\u00e6nder fra sceniske forestillinger og performance lectures til musikudgivelser og eksperimenterende formater.<\/p>\n\n\n\n<p class=\"has-ast-global-color-4-color has-text-color has-link-color wp-elements-bc02860e134c3ec6cef5a479496cc956\" style=\"letter-spacing:1px\">Projekterne tager udgangspunkt i konkrete erfaringer og unders\u00f8ger, hvordan kunst kan \u00e5bne for forst\u00e5else, refleksion og nye perspektiver.<\/p>\n\n\n\n<p class=\"has-ast-global-color-4-color has-text-color has-link-color wp-elements-6b3b921a9dc8151cb111de1bd191b8fa\" style=\"letter-spacing:1px\">Novas Ark Productions fungerer som ramme for b\u00e5de selvst\u00e6ndige v\u00e6rker og samarbejder p\u00e5 tv\u00e6rs af fagligheder.<\/p>\n\n\n\n<p><\/p>\n\n\n\n<p class=\"has-ast-global-color-4-color has-text-color has-link-color wp-elements-f0064d24cc742e49f79341b10affbc6b\" style=\"letter-spacing:1px\">Kunstnerisk leder: Birgitte Marie Arnkj\u00e6r<\/p>\n\n\n\n<p><\/p>\n","protected":false},"excerpt":{"rendered":"<p>Om Novas Ark Productions Novas Ark Productions er en kunstnerisk platform, der arbejder med teater, musik, film og performance. Vi [&hellip;]<\/p>\n","protected":false},"author":1,"featured_media":0,"parent":0,"menu_order":0,"comment_status":"closed","ping_status":"closed","template":"","meta":{"site-sidebar-layout":"default","site-content-layout":"","ast-site-content-layout":"default","site-content-style":"default","site-sidebar-style":"default","ast-global-header-display":"","ast-banner-title-visibility":"","ast-main-header-display":"","ast-hfb-above-header-display":"","ast-hfb-below-header-display":"","ast-hfb-mobile-header-display":"","site-post-title":"","ast-breadcrumbs-content":"","ast-featured-img":"","footer-sml-layout":"","ast-disable-related-posts":"","theme-transparent-header-meta":"","adv-header-id-meta":"","stick-header-meta":"","header-above-stick-meta":"","header-main-stick-meta":"","header-below-stick-meta":"","astra-migrate-meta-layouts":"default","ast-page-background-enabled":"default","ast-page-background-meta":{"desktop":{"background-color":"var(--ast-global-color-5)","background-image":"","background-repeat":"repeat","background-position":"center center","background-size":"auto","background-attachment":"scroll","background-type":"","background-media":"","overlay-type":"","overlay-color":"","overlay-opacity":"","overlay-gradient":""},"tablet":{"background-color":"","background-image":"","background-repeat":"repeat","background-position":"center center","background-size":"auto","background-attachment":"scroll","background-type":"","background-media":"","overlay-type":"","overlay-color":"","overlay-opacity":"","overlay-gradient":""},"mobile":{"background-color":"","background-image":"","background-repeat":"repeat","background-position":"center center","background-size":"auto","background-attachment":"scroll","background-type":"","background-media":"","overlay-type":"","overlay-color":"","overlay-opacity":"","overlay-gradient":""}},"ast-content-background-meta":{"desktop":{"background-color":"var(--ast-global-color-4)","background-image":"","background-repeat":"repeat","background-position":"center center","background-size":"auto","background-attachment":"scroll","background-type":"","background-media":"","overlay-type":"","overlay-color":"","overlay-opacity":"","overlay-gradient":""},"tablet":{"background-color":"var(--ast-global-color-4)","background-image":"","background-repeat":"repeat","background-position":"center center","background-size":"auto","background-attachment":"scroll","background-type":"","background-media":"","overlay-type":"","overlay-color":"","overlay-opacity":"","overlay-gradient":""},"mobile":{"background-color":"var(--ast-global-color-4)","background-image":"","background-repeat":"repeat","background-position":"center center","background-size":"auto","background-attachment":"scroll","background-type":"","background-media":"","overlay-type":"","overlay-color":"","overlay-opacity":"","overlay-gradient":""}},"footnotes":""},"class_list":["post-18","page","type-page","status-publish","hentry"],"_links":{"self":[{"href":"https:\/\/novasark.dk\/index.php?rest_route=\/wp\/v2\/pages\/18","targetHints":{"allow":["GET"]}}],"collection":[{"href":"https:\/\/novasark.dk\/index.php?rest_route=\/wp\/v2\/pages"}],"about":[{"href":"https:\/\/novasark.dk\/index.php?rest_route=\/wp\/v2\/types\/page"}],"author":[{"embeddable":true,"href":"https:\/\/novasark.dk\/index.php?rest_route=\/wp\/v2\/users\/1"}],"replies":[{"embeddable":true,"href":"https:\/\/novasark.dk\/index.php?rest_route=%2Fwp%2Fv2%2Fcomments&post=18"}],"version-history":[{"count":3,"href":"https:\/\/novasark.dk\/index.php?rest_route=\/wp\/v2\/pages\/18\/revisions"}],"predecessor-version":[{"id":96,"href":"https:\/\/novasark.dk\/index.php?rest_route=\/wp\/v2\/pages\/18\/revisions\/96"}],"wp:attachment":[{"href":"https:\/\/novasark.dk\/index.php?rest_route=%2Fwp%2Fv2%2Fmedia&parent=18"}],"curies":[{"name":"wp","href":"https:\/\/api.w.org\/{rel}","templated":true}]}}