{"id":20,"date":"2026-03-12T23:11:37","date_gmt":"2026-03-12T23:11:37","guid":{"rendered":"https:\/\/novasark.dk\/?page_id=20"},"modified":"2026-03-20T15:08:29","modified_gmt":"2026-03-20T15:08:29","slug":"teater","status":"publish","type":"page","link":"https:\/\/novasark.dk\/?page_id=20","title":{"rendered":"Teater &amp; Performance"},"content":{"rendered":"\n<p class=\"has-ast-global-color-4-color has-text-color has-link-color wp-elements-3d9c69fcc010c953b6b20cec352cc9f2\" style=\"font-size:18px;letter-spacing:1px\">Teater &amp; Performance<\/p>\n\n\n\n<p class=\"has-ast-global-color-4-color has-text-color has-link-color wp-elements-288f0d001e699c055acb3d8884db274b\">Vi skaber forestillinger, hvor krop, musik, tekst, film og rum smelter sammen.<\/p>\n\n\n\n<p class=\"has-ast-global-color-4-color has-text-color has-link-color wp-elements-71acec07ad6a0c27c8a87abd66f2a2cc\">Vores arbejde bev\u00e6ger sig mellem det r\u00e5 og det poetiske, det konkrete og det dr\u00f8mmende \u2013 og tager publikum med ind i erfaringer, der ikke kun forst\u00e5s, men opleves.<\/p>\n\n\n\n<p class=\"has-ast-global-color-4-color has-text-color has-link-color wp-elements-ec55c208a3a910d49e67ece815e914fd\">Vi arbejder i et felt, hvor teater, bev\u00e6gelse og lyd m\u00f8des.<br>Hvor fort\u00e6llinger ikke kun bliver fortalt, men foldes ud i rum, rytme og n\u00e6rv\u00e6r.<\/p>\n\n\n\n<p class=\"has-ast-global-color-4-color has-text-color has-link-color wp-elements-6dcd7bd329cbfd4ef0c4c6a2b23a7142\">Nogle gange p\u00e5 scenen.<br>Nogle gange udenfor.<br>Altid med \u00f8nsket om at \u00e5bne noget.<\/p>\n\n\n\n<p><\/p>\n\n\n\n<p class=\"has-ast-global-color-4-color has-text-color has-link-color wp-elements-3594e5795c0b795f57afbcdae711916a\" style=\"font-size:18px;letter-spacing:1px\">Aktuelt v\u00e6rk<\/p>\n\n\n\n<p class=\"has-ast-global-color-4-color has-text-color has-link-color has-small-font-size wp-elements-a571ddcd0604bfa068cf794f1da63615\"><a href=\"https:\/\/novasark.dk\/?page_id=66\" data-type=\"page\" data-id=\"66\">AUTONOME AUTISTER<\/a><\/p>\n\n\n\n<p class=\"has-ast-global-color-4-color has-text-color has-link-color wp-elements-b580d64568f6f6699bbb85177c284eaf\" style=\"font-size:14px\">En performance lecture om autisme<\/p>\n\n\n\n<p class=\"has-ast-global-color-4-color has-text-color has-link-color wp-elements-b5be9b0022782dfb977bba45c8b0337e\"><\/p>\n","protected":false},"excerpt":{"rendered":"<p>Teater &amp; Performance Vi skaber forestillinger, hvor krop, musik, tekst, film og rum smelter sammen. Vores arbejde bev\u00e6ger sig mellem [&hellip;]<\/p>\n","protected":false},"author":1,"featured_media":0,"parent":0,"menu_order":0,"comment_status":"closed","ping_status":"closed","template":"","meta":{"site-sidebar-layout":"default","site-content-layout":"","ast-site-content-layout":"default","site-content-style":"default","site-sidebar-style":"default","ast-global-header-display":"","ast-banner-title-visibility":"","ast-main-header-display":"","ast-hfb-above-header-display":"","ast-hfb-below-header-display":"","ast-hfb-mobile-header-display":"","site-post-title":"","ast-breadcrumbs-content":"","ast-featured-img":"","footer-sml-layout":"","ast-disable-related-posts":"","theme-transparent-header-meta":"","adv-header-id-meta":"","stick-header-meta":"","header-above-stick-meta":"","header-main-stick-meta":"","header-below-stick-meta":"","astra-migrate-meta-layouts":"default","ast-page-background-enabled":"default","ast-page-background-meta":{"desktop":{"background-color":"var(--ast-global-color-5)","background-image":"","background-repeat":"repeat","background-position":"center center","background-size":"auto","background-attachment":"scroll","background-type":"","background-media":"","overlay-type":"","overlay-color":"","overlay-opacity":"","overlay-gradient":""},"tablet":{"background-color":"","background-image":"","background-repeat":"repeat","background-position":"center center","background-size":"auto","background-attachment":"scroll","background-type":"","background-media":"","overlay-type":"","overlay-color":"","overlay-opacity":"","overlay-gradient":""},"mobile":{"background-color":"","background-image":"","background-repeat":"repeat","background-position":"center center","background-size":"auto","background-attachment":"scroll","background-type":"","background-media":"","overlay-type":"","overlay-color":"","overlay-opacity":"","overlay-gradient":""}},"ast-content-background-meta":{"desktop":{"background-color":"var(--ast-global-color-4)","background-image":"","background-repeat":"repeat","background-position":"center center","background-size":"auto","background-attachment":"scroll","background-type":"","background-media":"","overlay-type":"","overlay-color":"","overlay-opacity":"","overlay-gradient":""},"tablet":{"background-color":"var(--ast-global-color-4)","background-image":"","background-repeat":"repeat","background-position":"center center","background-size":"auto","background-attachment":"scroll","background-type":"","background-media":"","overlay-type":"","overlay-color":"","overlay-opacity":"","overlay-gradient":""},"mobile":{"background-color":"var(--ast-global-color-4)","background-image":"","background-repeat":"repeat","background-position":"center center","background-size":"auto","background-attachment":"scroll","background-type":"","background-media":"","overlay-type":"","overlay-color":"","overlay-opacity":"","overlay-gradient":""}},"footnotes":""},"class_list":["post-20","page","type-page","status-publish","hentry"],"_links":{"self":[{"href":"https:\/\/novasark.dk\/index.php?rest_route=\/wp\/v2\/pages\/20","targetHints":{"allow":["GET"]}}],"collection":[{"href":"https:\/\/novasark.dk\/index.php?rest_route=\/wp\/v2\/pages"}],"about":[{"href":"https:\/\/novasark.dk\/index.php?rest_route=\/wp\/v2\/types\/page"}],"author":[{"embeddable":true,"href":"https:\/\/novasark.dk\/index.php?rest_route=\/wp\/v2\/users\/1"}],"replies":[{"embeddable":true,"href":"https:\/\/novasark.dk\/index.php?rest_route=%2Fwp%2Fv2%2Fcomments&post=20"}],"version-history":[{"count":4,"href":"https:\/\/novasark.dk\/index.php?rest_route=\/wp\/v2\/pages\/20\/revisions"}],"predecessor-version":[{"id":76,"href":"https:\/\/novasark.dk\/index.php?rest_route=\/wp\/v2\/pages\/20\/revisions\/76"}],"wp:attachment":[{"href":"https:\/\/novasark.dk\/index.php?rest_route=%2Fwp%2Fv2%2Fmedia&parent=20"}],"curies":[{"name":"wp","href":"https:\/\/api.w.org\/{rel}","templated":true}]}}