{"id":54,"date":"2026-03-20T12:27:06","date_gmt":"2026-03-20T12:27:06","guid":{"rendered":"https:\/\/novasark.dk\/?page_id=54"},"modified":"2026-04-02T14:01:52","modified_gmt":"2026-04-02T14:01:52","slug":"tvaeraestetik-projekter","status":"publish","type":"page","link":"https:\/\/novasark.dk\/?page_id=54","title":{"rendered":"Tv\u00e6r\u00e6stetik &amp; Projekter"},"content":{"rendered":"\n<h3 class=\"wp-block-heading has-ast-global-color-4-color has-text-color has-link-color wp-elements-bc6a2316ddf3d48d8adec54a65b8ee00\" style=\"letter-spacing:3px\"><strong>Tv\u00e6r\u00e6stetik &amp; Projekter<\/strong><\/h3>\n\n\n\n<p class=\"has-ast-global-color-4-color has-text-color has-link-color wp-elements-527c56fcb912b82d14ac0e42511999b2\" style=\"letter-spacing:1px\">N\u00e5r kunstformer m\u00f8des, opst\u00e5r nye m\u00e5der at forst\u00e5 og skabe p\u00e5.<\/p>\n\n\n\n<p class=\"has-ast-global-color-4-color has-text-color has-link-color wp-elements-bf3b5dc3f2e980d028fb29b5c3c90a25\" style=\"letter-spacing:1px\">Vi arbejder tv\u00e6r\u00e6stetisk p\u00e5 tv\u00e6rs af teater, musik, film, bev\u00e6gelse og formidling.<\/p>\n\n\n\n<p class=\"has-ast-global-color-4-color has-text-color has-link-color wp-elements-7823f59b187a6c3da7d16340813d831b\" style=\"letter-spacing:1px\">Projekterne opst\u00e5r i m\u00f8det mellem forskellige fagligheder, perspektiver og erfaringer \u2013 og udvikler sig derfra.<\/p>\n\n\n\n<p class=\"has-ast-global-color-4-color has-text-color has-link-color wp-elements-971664b5aa79b78ba1b07a3f386e564f\" style=\"letter-spacing:1px\">Vi unders\u00f8ger, hvad der sker, n\u00e5r gr\u00e6nser opl\u00f8ses:<br>mellem kunst og viden, mellem krop og tanke, mellem mennesker.<\/p>\n\n\n\n<p class=\"has-ast-global-color-4-color has-text-color has-link-color wp-elements-c7ebddc1e572110c074ea1d05d704b70\" style=\"letter-spacing:1px\">Nogle projekter tager form som forestillinger.<br>Andre som samarbejder, eksperimenter eller nye formater.<\/p>\n\n\n\n<p><\/p>\n\n\n\n<p class=\"has-ast-global-color-4-color has-text-color has-link-color wp-elements-056caf03f042e5312859a1f18f33e7bf\" style=\"letter-spacing:2px\"><strong>Aktuelt projekt<\/strong><\/p>\n\n\n\n<p class=\"has-ast-global-color-4-color has-text-color has-link-color wp-elements-4aab2e3d51820ab929bd324b22ee05e0\" style=\"letter-spacing:1px\"><a href=\"https:\/\/novasark.dk\/?page_id=66\" data-type=\"page\" data-id=\"66\">AUTONOME AUTISTER<br><\/a>En performance lecture om autisme<\/p>\n\n\n\n<p><\/p>\n","protected":false},"excerpt":{"rendered":"<p>Tv\u00e6r\u00e6stetik &amp; Projekter N\u00e5r kunstformer m\u00f8des, opst\u00e5r nye m\u00e5der at forst\u00e5 og skabe p\u00e5. Vi arbejder tv\u00e6r\u00e6stetisk p\u00e5 tv\u00e6rs af [&hellip;]<\/p>\n","protected":false},"author":1,"featured_media":0,"parent":0,"menu_order":0,"comment_status":"closed","ping_status":"closed","template":"","meta":{"site-sidebar-layout":"default","site-content-layout":"","ast-site-content-layout":"default","site-content-style":"default","site-sidebar-style":"default","ast-global-header-display":"","ast-banner-title-visibility":"","ast-main-header-display":"","ast-hfb-above-header-display":"","ast-hfb-below-header-display":"","ast-hfb-mobile-header-display":"","site-post-title":"","ast-breadcrumbs-content":"","ast-featured-img":"","footer-sml-layout":"","ast-disable-related-posts":"","theme-transparent-header-meta":"","adv-header-id-meta":"","stick-header-meta":"","header-above-stick-meta":"","header-main-stick-meta":"","header-below-stick-meta":"","astra-migrate-meta-layouts":"default","ast-page-background-enabled":"default","ast-page-background-meta":{"desktop":{"background-color":"var(--ast-global-color-5)","background-image":"","background-repeat":"repeat","background-position":"center center","background-size":"auto","background-attachment":"scroll","background-type":"","background-media":"","overlay-type":"","overlay-color":"","overlay-opacity":"","overlay-gradient":""},"tablet":{"background-color":"","background-image":"","background-repeat":"repeat","background-position":"center center","background-size":"auto","background-attachment":"scroll","background-type":"","background-media":"","overlay-type":"","overlay-color":"","overlay-opacity":"","overlay-gradient":""},"mobile":{"background-color":"","background-image":"","background-repeat":"repeat","background-position":"center center","background-size":"auto","background-attachment":"scroll","background-type":"","background-media":"","overlay-type":"","overlay-color":"","overlay-opacity":"","overlay-gradient":""}},"ast-content-background-meta":{"desktop":{"background-color":"var(--ast-global-color-4)","background-image":"","background-repeat":"repeat","background-position":"center center","background-size":"auto","background-attachment":"scroll","background-type":"","background-media":"","overlay-type":"","overlay-color":"","overlay-opacity":"","overlay-gradient":""},"tablet":{"background-color":"var(--ast-global-color-4)","background-image":"","background-repeat":"repeat","background-position":"center center","background-size":"auto","background-attachment":"scroll","background-type":"","background-media":"","overlay-type":"","overlay-color":"","overlay-opacity":"","overlay-gradient":""},"mobile":{"background-color":"var(--ast-global-color-4)","background-image":"","background-repeat":"repeat","background-position":"center center","background-size":"auto","background-attachment":"scroll","background-type":"","background-media":"","overlay-type":"","overlay-color":"","overlay-opacity":"","overlay-gradient":""}},"footnotes":""},"class_list":["post-54","page","type-page","status-publish","hentry"],"_links":{"self":[{"href":"https:\/\/novasark.dk\/index.php?rest_route=\/wp\/v2\/pages\/54","targetHints":{"allow":["GET"]}}],"collection":[{"href":"https:\/\/novasark.dk\/index.php?rest_route=\/wp\/v2\/pages"}],"about":[{"href":"https:\/\/novasark.dk\/index.php?rest_route=\/wp\/v2\/types\/page"}],"author":[{"embeddable":true,"href":"https:\/\/novasark.dk\/index.php?rest_route=\/wp\/v2\/users\/1"}],"replies":[{"embeddable":true,"href":"https:\/\/novasark.dk\/index.php?rest_route=%2Fwp%2Fv2%2Fcomments&post=54"}],"version-history":[{"count":6,"href":"https:\/\/novasark.dk\/index.php?rest_route=\/wp\/v2\/pages\/54\/revisions"}],"predecessor-version":[{"id":94,"href":"https:\/\/novasark.dk\/index.php?rest_route=\/wp\/v2\/pages\/54\/revisions\/94"}],"wp:attachment":[{"href":"https:\/\/novasark.dk\/index.php?rest_route=%2Fwp%2Fv2%2Fmedia&parent=54"}],"curies":[{"name":"wp","href":"https:\/\/api.w.org\/{rel}","templated":true}]}}