{"id":6,"date":"2026-03-12T21:49:01","date_gmt":"2026-03-12T21:49:01","guid":{"rendered":"https:\/\/novasark.dk\/?page_id=6"},"modified":"2026-04-02T14:00:20","modified_gmt":"2026-04-02T14:00:20","slug":"novas-ark-productions","status":"publish","type":"page","link":"https:\/\/novasark.dk\/","title":{"rendered":"Hjem"},"content":{"rendered":"\n<div class=\"wp-block-cover alignfull is-light\" style=\"min-height:672px;aspect-ratio:unset;\"><img loading=\"lazy\" decoding=\"async\" width=\"938\" height=\"524\" class=\"wp-block-cover__image-background wp-image-16 size-full\" alt=\"\" src=\"https:\/\/novasark.dk\/wp-content\/uploads\/2026\/03\/Facebook-firma-cover.jpg\" style=\"object-position:73% 4%\" data-object-fit=\"cover\" data-object-position=\"73% 4%\" srcset=\"https:\/\/novasark.dk\/wp-content\/uploads\/2026\/03\/Facebook-firma-cover.jpg 938w, https:\/\/novasark.dk\/wp-content\/uploads\/2026\/03\/Facebook-firma-cover-300x168.jpg 300w, https:\/\/novasark.dk\/wp-content\/uploads\/2026\/03\/Facebook-firma-cover-768x429.jpg 768w\" sizes=\"auto, (max-width: 938px) 100vw, 938px\" \/><span aria-hidden=\"true\" class=\"wp-block-cover__background has-background-dim-0 has-background-dim\" style=\"background-color:#202d22\"><\/span><div class=\"wp-block-cover__inner-container is-layout-constrained wp-block-cover-is-layout-constrained\">\n<p class=\"has-text-align-left has-ast-global-color-4-color has-text-color has-link-color has-x-large-font-size wp-elements-dbb8711112eac1bbfbe5845d8867b844\"><\/p>\n<\/div><\/div>\n\n\n\n<h2 class=\"wp-block-heading has-text-align-center has-ast-global-color-4-color has-text-color has-link-color wp-elements-b4f209677e67ef3a306ac832058208e8\" style=\"letter-spacing:11px\">Novas Ark Productions<\/h2>\n\n\n\n<p class=\"has-text-align-center has-ast-global-color-4-color has-text-color has-link-color wp-elements-35d239ab4d106bca254a4c336c109ddb\" style=\"letter-spacing:3px\">skaber tv\u00e6r\u00e6stetiske v\u00e6rker inden for teater, musik og performance.<\/p>\n\n\n\n<div class=\"wp-block-columns alignwide is-layout-flex wp-container-core-columns-is-layout-28f84493 wp-block-columns-is-layout-flex\">\n<div class=\"wp-block-column is-layout-flow wp-block-column-is-layout-flow\">\n<h4 class=\"wp-block-heading has-text-align-center has-ast-global-color-4-color has-text-color has-link-color wp-elements-ed58eff944b3413f5bf12e9c41004fd3\" style=\"letter-spacing:2px\"><a href=\"https:\/\/novasark.dk\/?page_id=20\" data-type=\"page\" data-id=\"20\">Teater &amp; Performance<\/a><\/h4>\n\n\n\n<p class=\"has-text-align-center has-ast-global-color-4-color has-text-color has-link-color has-small-font-size wp-elements-aef33625ed38f540ffe1320355cf8b83\" style=\"letter-spacing:2px\">Forestillinger, performance lectures og sceniske v\u00e6rker.<\/p>\n<\/div>\n\n\n\n<div class=\"wp-block-column is-layout-flow wp-block-column-is-layout-flow\">\n<h4 class=\"wp-block-heading has-text-align-center has-ast-global-color-4-color has-text-color has-link-color wp-elements-8c8e9bf26975a8a9fe7ae7ebcaa84604\" style=\"letter-spacing:3px\"><a href=\"https:\/\/novasark.dk\/?page_id=22\" data-type=\"page\" data-id=\"22\">Musik<\/a><\/h4>\n\n\n\n<p class=\"has-text-align-center has-ast-global-color-4-color has-text-color has-link-color has-small-font-size wp-elements-c0bb217867d4791c7f8e3a6d35db2e14\" style=\"letter-spacing:2px\">Koncerter, lyduniverser og musikalske projekter. Udgivelser gennem eget label, herunder Wasteland Wolf, LYT og musik fra vores forestillinger.<\/p>\n\n\n\n<p class=\"has-text-align-center has-ast-global-color-4-color has-text-color has-link-color has-small-font-size wp-elements-5b2b3e033fa2bd55b7f0259c9d46ee96\" style=\"letter-spacing:2px\"><\/p>\n<\/div>\n\n\n\n<div class=\"wp-block-column is-layout-flow wp-block-column-is-layout-flow\">\n<h4 class=\"wp-block-heading has-text-align-center has-ast-global-color-4-color has-text-color has-link-color wp-elements-23ae5bdc7ec8efff1c41af2dbcc17230\" style=\"letter-spacing:2px\"><a href=\"https:\/\/novasark.dk\/?page_id=54\" data-type=\"page\" data-id=\"54\">Tv\u00e6r\u00e6stetik &amp; Projekter<\/a><\/h4>\n\n\n\n<p class=\"has-text-align-center has-ast-global-color-4-color has-text-color has-link-color has-small-font-size wp-elements-b663a7747fd4baca895b85ff483461f7\" style=\"letter-spacing:2px\">Tv\u00e6rfaglige v\u00e6rker, undervisning og eksperimenterende formater.<\/p>\n<\/div>\n<\/div>\n\n\n\n<p><\/p>\n","protected":false},"excerpt":{"rendered":"<p>Novas Ark Productions skaber tv\u00e6r\u00e6stetiske v\u00e6rker inden for teater, musik og performance. Teater &amp; Performance Forestillinger, performance lectures og sceniske [&hellip;]<\/p>\n","protected":false},"author":1,"featured_media":0,"parent":0,"menu_order":0,"comment_status":"closed","ping_status":"closed","template":"","meta":{"site-sidebar-layout":"default","site-content-layout":"","ast-site-content-layout":"full-width-container","site-content-style":"default","site-sidebar-style":"default","ast-global-header-display":"disabled","ast-banner-title-visibility":"","ast-main-header-display":"","ast-hfb-above-header-display":"","ast-hfb-below-header-display":"","ast-hfb-mobile-header-display":"","site-post-title":"","ast-breadcrumbs-content":"","ast-featured-img":"","footer-sml-layout":"","ast-disable-related-posts":"","theme-transparent-header-meta":"","adv-header-id-meta":"","stick-header-meta":"","header-above-stick-meta":"","header-main-stick-meta":"","header-below-stick-meta":"","astra-migrate-meta-layouts":"default","ast-page-background-enabled":"default","ast-page-background-meta":{"desktop":{"background-color":"var(--ast-global-color-5)","background-image":"","background-repeat":"repeat","background-position":"center center","background-size":"auto","background-attachment":"scroll","background-type":"","background-media":"","overlay-type":"","overlay-color":"","overlay-opacity":"","overlay-gradient":""},"tablet":{"background-color":"","background-image":"","background-repeat":"repeat","background-position":"center center","background-size":"auto","background-attachment":"scroll","background-type":"","background-media":"","overlay-type":"","overlay-color":"","overlay-opacity":"","overlay-gradient":""},"mobile":{"background-color":"","background-image":"","background-repeat":"repeat","background-position":"center center","background-size":"auto","background-attachment":"scroll","background-type":"","background-media":"","overlay-type":"","overlay-color":"","overlay-opacity":"","overlay-gradient":""}},"ast-content-background-meta":{"desktop":{"background-color":"var(--ast-global-color-4)","background-image":"","background-repeat":"repeat","background-position":"center center","background-size":"auto","background-attachment":"scroll","background-type":"","background-media":"","overlay-type":"","overlay-color":"","overlay-opacity":"","overlay-gradient":""},"tablet":{"background-color":"var(--ast-global-color-4)","background-image":"","background-repeat":"repeat","background-position":"center center","background-size":"auto","background-attachment":"scroll","background-type":"","background-media":"","overlay-type":"","overlay-color":"","overlay-opacity":"","overlay-gradient":""},"mobile":{"background-color":"var(--ast-global-color-4)","background-image":"","background-repeat":"repeat","background-position":"center center","background-size":"auto","background-attachment":"scroll","background-type":"","background-media":"","overlay-type":"","overlay-color":"","overlay-opacity":"","overlay-gradient":""}},"footnotes":""},"class_list":["post-6","page","type-page","status-publish","hentry"],"_links":{"self":[{"href":"https:\/\/novasark.dk\/index.php?rest_route=\/wp\/v2\/pages\/6","targetHints":{"allow":["GET"]}}],"collection":[{"href":"https:\/\/novasark.dk\/index.php?rest_route=\/wp\/v2\/pages"}],"about":[{"href":"https:\/\/novasark.dk\/index.php?rest_route=\/wp\/v2\/types\/page"}],"author":[{"embeddable":true,"href":"https:\/\/novasark.dk\/index.php?rest_route=\/wp\/v2\/users\/1"}],"replies":[{"embeddable":true,"href":"https:\/\/novasark.dk\/index.php?rest_route=%2Fwp%2Fv2%2Fcomments&post=6"}],"version-history":[{"count":14,"href":"https:\/\/novasark.dk\/index.php?rest_route=\/wp\/v2\/pages\/6\/revisions"}],"predecessor-version":[{"id":70,"href":"https:\/\/novasark.dk\/index.php?rest_route=\/wp\/v2\/pages\/6\/revisions\/70"}],"wp:attachment":[{"href":"https:\/\/novasark.dk\/index.php?rest_route=%2Fwp%2Fv2%2Fmedia&parent=6"}],"curies":[{"name":"wp","href":"https:\/\/api.w.org\/{rel}","templated":true}]}}