{"id":66,"date":"2026-03-20T13:02:25","date_gmt":"2026-03-20T13:02:25","guid":{"rendered":"https:\/\/novasark.dk\/?page_id=66"},"modified":"2026-03-20T14:56:43","modified_gmt":"2026-03-20T14:56:43","slug":"autonome-autister","status":"publish","type":"page","link":"https:\/\/novasark.dk\/?page_id=66","title":{"rendered":"Autonome Autister"},"content":{"rendered":"\n<h1 class=\"wp-block-heading has-text-align-center has-ast-global-color-4-color has-text-color has-link-color wp-elements-53764e20dfafa10439dcf94b07be2713\" style=\"font-size:63px;letter-spacing:9px\">AUTONOME AUTISTER<\/h1>\n\n\n\n<h2 class=\"wp-block-heading has-text-align-center has-ast-global-color-4-color has-text-color has-link-color wp-elements-3bffb41194e3d2101b9b944aae1af252\" style=\"letter-spacing:3px\">En performance lecture om autisme<\/h2>\n\n\n\n<h5 class=\"wp-block-heading has-text-align-center has-ast-global-color-4-color has-text-color has-link-color wp-elements-5878bc140f5a10389b394f890b71a51a\" style=\"letter-spacing:1px\"><em>En oplevelse, der \u00e6ndrer m\u00e5den, man<strong> <\/strong>forst\u00e5r autisme p\u00e5.<\/em><\/h5>\n\n\n\n<p><\/p>\n\n\n\n<h4 class=\"wp-block-heading has-ast-global-color-4-color has-text-color has-link-color wp-elements-c2a393ea04a1a25fc09b25b75b814ef4\" style=\"letter-spacing:2px\">Intro<\/h4>\n\n\n\n<p class=\"has-ast-global-color-4-color has-text-color has-link-color wp-elements-3cfc4ee54c3e23bb345785390e240bd2\" style=\"font-size:14px;letter-spacing:1px\">Autonome Autister er en performance lecture, der kombinerer faglig viden, scenekunst, musik, humor og personlige fort\u00e6llinger. Forestillingen formidler autisme gennem b\u00e5de sansning, refleksion og oplevelse og giver publikum en mere nuanceret forst\u00e5else \u2013 indefra og udefra.<\/p>\n\n\n\n<p><\/p>\n\n\n\n<h4 class=\"wp-block-heading has-ast-global-color-4-color has-text-color has-link-color wp-elements-f7ba3848974a9a9bb7eeca3613298134\" style=\"letter-spacing:2px\">Legende l\u00e6ring<\/h4>\n\n\n\n<p class=\"has-ast-global-color-4-color has-text-color has-link-color wp-elements-7d3222381eacb68651382dde27c9ffce\" style=\"font-size:14px;letter-spacing:1px\">Autonome Autister bev\u00e6ger sig i gr\u00e6nselandet mellem undervisning og scenekunst. <br><br>Det er langt fra et traditionelt foredrag, men en oplevelse, hvor publikum gennem karakterer, krop, musik og fort\u00e6lling f\u00e5r indblik i autisme p\u00e5 en m\u00e5de, der b\u00e5de kan m\u00e6rkes og forst\u00e5s.<\/p>\n\n\n\n<p class=\"has-ast-global-color-4-color has-text-color has-link-color wp-elements-91ffafa0b14ac3972d823680a1563239\" style=\"font-size:14px;letter-spacing:1px\">Forestillingen arbejder med leg, humor og genkendelige situationer og \u00e5bner for nye perspektiver og forst\u00e5else gennem sansning og oplevelse.<\/p>\n\n\n\n<p><\/p>\n\n\n\n<h4 class=\"wp-block-heading has-ast-global-color-4-color has-text-color has-link-color wp-elements-ef35685e4147a5620bb61e979228b9ec\" style=\"letter-spacing:1px\">M\u00e5lgruppe<\/h4>\n\n\n\n<p class=\"has-ast-global-color-4-color has-text-color has-link-color wp-elements-9b941b1bc848e801fda8860f8273bfcc\" style=\"font-size:14px;letter-spacing:1px\">Forestillingen er udviklet til:<\/p>\n\n\n\n<ul class=\"wp-block-list\">\n<li class=\"has-ast-global-color-4-color has-text-color has-link-color wp-elements-3304126a2e6cb1c1c628e21f8ffadf65\" style=\"font-size:14px;letter-spacing:1px\">L\u00e6rere<\/li>\n\n\n\n<li class=\"has-ast-global-color-4-color has-text-color has-link-color wp-elements-aa1d7058063ab16023401dfa621a5026\" style=\"font-size:14px;letter-spacing:1px\">P\u00e6dagoger<\/li>\n\n\n\n<li class=\"has-ast-global-color-4-color has-text-color has-link-color wp-elements-f18dd0a59087aff824544c74479b7e28\" style=\"font-size:14px;letter-spacing:1px\">Fagpersoner, der arbejder med autistiske b\u00f8rn<\/li>\n<\/ul>\n\n\n\n<p class=\"has-ast-global-color-4-color has-text-color has-link-color wp-elements-e12715079fe4260374054eb058e60b5a\" style=\"font-size:14px;letter-spacing:1px\">Den henvender sig til professionelle, der har brug for en grundl\u00e6ggende forst\u00e5else af autisme i praksis.<\/p>\n\n\n\n<p><\/p>\n\n\n\n<h4 class=\"wp-block-heading has-ast-global-color-4-color has-text-color has-link-color wp-elements-dac9a6479ca5b89a627e73fbf44939a2\" style=\"letter-spacing:2px\">Format<\/h4>\n\n\n\n<p class=\"has-ast-global-color-4-color has-text-color has-link-color wp-elements-8bf53c2399ec5225dc5ae31e307a8360\">Performance lecture<\/p>\n\n\n\n<p class=\"has-ast-global-color-4-color has-text-color has-link-color wp-elements-e84082a8b50f1e5e56b1dd4e54ceb21e\" style=\"font-size:14px;letter-spacing:1px\">En scenisk og oplevelsesbaseret formidling, der kombinerer film, optr\u00e6den, musik og inddragelse af publikum.<\/p>\n\n\n\n<p class=\"has-ast-global-color-4-color has-text-color has-link-color wp-elements-4bec892e6895caad9c39a63cd714c1fd\" style=\"font-size:14px;letter-spacing:1px\">Der kan indg\u00e5 dialog eller refleksion efterf\u00f8lgende efter aftale.<\/p>\n\n\n\n<p><\/p>\n\n\n\n<h4 class=\"wp-block-heading has-ast-global-color-4-color has-text-color has-link-color wp-elements-fa3543ae4c2bb24c72c06a3776ab2a75\" style=\"letter-spacing:2px\">Varighed<\/h4>\n\n\n\n<p class=\"has-ast-global-color-4-color has-text-color has-link-color wp-elements-9f4a31138a6750f6dfaf7bdc9a8dfa8d\" style=\"font-size:14px;letter-spacing:1px\">90 min.<\/p>\n\n\n\n<p><\/p>\n\n\n\n<h4 class=\"wp-block-heading has-ast-global-color-4-color has-text-color has-link-color wp-elements-b895168bd1c6b34389317f1abd065511\" style=\"letter-spacing:2px\">Booking<\/h4>\n\n\n\n<p class=\"has-ast-global-color-4-color has-text-color has-link-color wp-elements-a1c22b2159746fc7009db2b4d0d38032\" style=\"font-size:14px;letter-spacing:1px\">Udfyld bookingforesp\u00f8rgsel <a href=\"https:\/\/forms.gle\/679AKRntq4WxDaAG7\">her<\/a> &#8211; s\u00e5 vender vi tilbage hurtigst muligt.<br><\/p>\n\n\n\n<p><\/p>\n","protected":false},"excerpt":{"rendered":"<p>AUTONOME AUTISTER En performance lecture om autisme En oplevelse, der \u00e6ndrer m\u00e5den, man forst\u00e5r autisme p\u00e5. Intro Autonome Autister er [&hellip;]<\/p>\n","protected":false},"author":1,"featured_media":0,"parent":0,"menu_order":0,"comment_status":"closed","ping_status":"closed","template":"","meta":{"site-sidebar-layout":"default","site-content-layout":"","ast-site-content-layout":"default","site-content-style":"default","site-sidebar-style":"default","ast-global-header-display":"","ast-banner-title-visibility":"","ast-main-header-display":"","ast-hfb-above-header-display":"","ast-hfb-below-header-display":"","ast-hfb-mobile-header-display":"","site-post-title":"","ast-breadcrumbs-content":"","ast-featured-img":"","footer-sml-layout":"","ast-disable-related-posts":"","theme-transparent-header-meta":"","adv-header-id-meta":"","stick-header-meta":"","header-above-stick-meta":"","header-main-stick-meta":"","header-below-stick-meta":"","astra-migrate-meta-layouts":"default","ast-page-background-enabled":"default","ast-page-background-meta":{"desktop":{"background-color":"var(--ast-global-color-5)","background-image":"","background-repeat":"repeat","background-position":"center center","background-size":"auto","background-attachment":"scroll","background-type":"","background-media":"","overlay-type":"","overlay-color":"","overlay-opacity":"","overlay-gradient":""},"tablet":{"background-color":"","background-image":"","background-repeat":"repeat","background-position":"center center","background-size":"auto","background-attachment":"scroll","background-type":"","background-media":"","overlay-type":"","overlay-color":"","overlay-opacity":"","overlay-gradient":""},"mobile":{"background-color":"","background-image":"","background-repeat":"repeat","background-position":"center center","background-size":"auto","background-attachment":"scroll","background-type":"","background-media":"","overlay-type":"","overlay-color":"","overlay-opacity":"","overlay-gradient":""}},"ast-content-background-meta":{"desktop":{"background-color":"var(--ast-global-color-4)","background-image":"","background-repeat":"repeat","background-position":"center center","background-size":"auto","background-attachment":"scroll","background-type":"","background-media":"","overlay-type":"","overlay-color":"","overlay-opacity":"","overlay-gradient":""},"tablet":{"background-color":"var(--ast-global-color-4)","background-image":"","background-repeat":"repeat","background-position":"center center","background-size":"auto","background-attachment":"scroll","background-type":"","background-media":"","overlay-type":"","overlay-color":"","overlay-opacity":"","overlay-gradient":""},"mobile":{"background-color":"var(--ast-global-color-4)","background-image":"","background-repeat":"repeat","background-position":"center center","background-size":"auto","background-attachment":"scroll","background-type":"","background-media":"","overlay-type":"","overlay-color":"","overlay-opacity":"","overlay-gradient":""}},"footnotes":""},"class_list":["post-66","page","type-page","status-publish","hentry"],"_links":{"self":[{"href":"https:\/\/novasark.dk\/index.php?rest_route=\/wp\/v2\/pages\/66","targetHints":{"allow":["GET"]}}],"collection":[{"href":"https:\/\/novasark.dk\/index.php?rest_route=\/wp\/v2\/pages"}],"about":[{"href":"https:\/\/novasark.dk\/index.php?rest_route=\/wp\/v2\/types\/page"}],"author":[{"embeddable":true,"href":"https:\/\/novasark.dk\/index.php?rest_route=\/wp\/v2\/users\/1"}],"replies":[{"embeddable":true,"href":"https:\/\/novasark.dk\/index.php?rest_route=%2Fwp%2Fv2%2Fcomments&post=66"}],"version-history":[{"count":3,"href":"https:\/\/novasark.dk\/index.php?rest_route=\/wp\/v2\/pages\/66\/revisions"}],"predecessor-version":[{"id":73,"href":"https:\/\/novasark.dk\/index.php?rest_route=\/wp\/v2\/pages\/66\/revisions\/73"}],"wp:attachment":[{"href":"https:\/\/novasark.dk\/index.php?rest_route=%2Fwp%2Fv2%2Fmedia&parent=66"}],"curies":[{"name":"wp","href":"https:\/\/api.w.org\/{rel}","templated":true}]}}